{"id":2865,"date":"2024-07-12T11:53:30","date_gmt":"2024-07-12T10:53:30","guid":{"rendered":"https:\/\/storfund.com\/?page_id=2865"},"modified":"2025-12-19T14:07:00","modified_gmt":"2025-12-19T14:07:00","slug":"amazon","status":"publish","type":"page","link":"https:\/\/storfund.com\/fr\/amazon\/","title":{"rendered":"Amazon"},"content":{"rendered":"","protected":false},"excerpt":{"rendered":"","protected":false},"author":3,"featured_media":0,"parent":0,"menu_order":0,"comment_status":"closed","ping_status":"closed","template":"templates\/core.php","meta":{"_acf_changed":false,"footnotes":""},"class_list":["post-2865","page","type-page","status-publish","hentry"],"acf":[],"yoast_head":"<!-- This site is optimized with the Yoast SEO Premium plugin v27.3 (Yoast SEO v27.3) - https:\/\/yoast.com\/product\/yoast-seo-premium-wordpress\/ -->\n<title>Get Paid Faster on Amazon with Daily Advance<\/title>\n<meta name=\"description\" content=\"Amazon sellers can get paid faster for their marketplace sales with Storfund. And faster payouts = faster growth.\" \/>\n<meta name=\"robots\" content=\"index, follow, max-snippet:-1, max-image-preview:large, max-video-preview:-1\" \/>\n<link rel=\"canonical\" href=\"https:\/\/storfund.com\/fr\/amazon\/\" \/>\n<meta property=\"og:locale\" content=\"fr_FR\" \/>\n<meta property=\"og:type\" content=\"article\" \/>\n<meta property=\"og:title\" content=\"Storfund - cashflow for ecommerce\" \/>\n<meta property=\"og:description\" content=\"Get paid faster for your marketplace sales with Daily Advance by Storfund.\" \/>\n<meta property=\"og:url\" content=\"https:\/\/storfund.com\/fr\/amazon\/\" \/>\n<meta property=\"og:site_name\" content=\"Storfund\" \/>\n<meta property=\"article:publisher\" content=\"https:\/\/www.facebook.com\/storfund\/\" \/>\n<meta property=\"article:modified_time\" content=\"2025-12-19T14:07:00+00:00\" \/>\n<meta property=\"og:image\" content=\"https:\/\/storfund.com\/wp-content\/uploads\/2024\/07\/Storfund-x-Amazon-social-image.webp\" \/>\n\t<meta property=\"og:image:width\" content=\"1200\" \/>\n\t<meta property=\"og:image:height\" content=\"676\" \/>\n\t<meta property=\"og:image:type\" content=\"image\/webp\" \/>\n<meta name=\"twitter:card\" content=\"summary_large_image\" \/>\n<meta name=\"twitter:site\" content=\"@storfund\" \/>\n<meta name=\"twitter:label1\" content=\"Dur\u00e9e de lecture estim\u00e9e\" \/>\n\t<meta name=\"twitter:data1\" content=\"7 minutes\" \/>\n<script type=\"application\/ld+json\" class=\"yoast-schema-graph\">{\"@context\":\"https:\\\/\\\/schema.org\",\"@graph\":[{\"@type\":\"WebPage\",\"@id\":\"https:\\\/\\\/storfund.com\\\/amazon\\\/\",\"url\":\"https:\\\/\\\/storfund.com\\\/amazon\\\/\",\"name\":\"Get Paid Faster on Amazon with Daily Advance\",\"isPartOf\":{\"@id\":\"https:\\\/\\\/storfund.com\\\/#website\"},\"datePublished\":\"2024-07-12T10:53:30+00:00\",\"dateModified\":\"2025-12-19T14:07:00+00:00\",\"description\":\"Amazon sellers can get paid faster for their marketplace sales with Storfund. And faster payouts = faster growth.\",\"breadcrumb\":{\"@id\":\"https:\\\/\\\/storfund.com\\\/amazon\\\/#breadcrumb\"},\"inLanguage\":\"fr-FR\",\"potentialAction\":[{\"@type\":\"ReadAction\",\"target\":[\"https:\\\/\\\/storfund.com\\\/amazon\\\/\"]}]},{\"@type\":\"BreadcrumbList\",\"@id\":\"https:\\\/\\\/storfund.com\\\/amazon\\\/#breadcrumb\",\"itemListElement\":[{\"@type\":\"ListItem\",\"position\":1,\"name\":\"Home\",\"item\":\"https:\\\/\\\/storfund.com\\\/\"},{\"@type\":\"ListItem\",\"position\":2,\"name\":\"Amazon\"}]},{\"@type\":\"WebSite\",\"@id\":\"https:\\\/\\\/storfund.com\\\/#website\",\"url\":\"https:\\\/\\\/storfund.com\\\/\",\"name\":\"Storfund\",\"description\":\"Get Same Day Payments For Your Marketplace Sales\",\"publisher\":{\"@id\":\"https:\\\/\\\/storfund.com\\\/#organization\"},\"potentialAction\":[{\"@type\":\"SearchAction\",\"target\":{\"@type\":\"EntryPoint\",\"urlTemplate\":\"https:\\\/\\\/storfund.com\\\/?s={search_term_string}\"},\"query-input\":{\"@type\":\"PropertyValueSpecification\",\"valueRequired\":true,\"valueName\":\"search_term_string\"}}],\"inLanguage\":\"fr-FR\"},{\"@type\":\"Organization\",\"@id\":\"https:\\\/\\\/storfund.com\\\/#organization\",\"name\":\"Stor Services Ltd\",\"alternateName\":\"Storfund\",\"url\":\"https:\\\/\\\/storfund.com\\\/\",\"logo\":{\"@type\":\"ImageObject\",\"inLanguage\":\"fr-FR\",\"@id\":\"https:\\\/\\\/storfund.com\\\/#\\\/schema\\\/logo\\\/image\\\/\",\"url\":\"https:\\\/\\\/storfund.com\\\/wp-content\\\/uploads\\\/2024\\\/04\\\/Storfund_Schema-Logo.png\",\"contentUrl\":\"https:\\\/\\\/storfund.com\\\/wp-content\\\/uploads\\\/2024\\\/04\\\/Storfund_Schema-Logo.png\",\"width\":696,\"height\":696,\"caption\":\"Stor Services Ltd\"},\"image\":{\"@id\":\"https:\\\/\\\/storfund.com\\\/#\\\/schema\\\/logo\\\/image\\\/\"},\"sameAs\":[\"https:\\\/\\\/www.facebook.com\\\/storfund\\\/\",\"https:\\\/\\\/x.com\\\/storfund\",\"https:\\\/\\\/www.linkedin.com\\\/company\\\/28659268\",\"https:\\\/\\\/www.youtube.com\\\/channel\\\/UCiORTHBWXmovVBojh5SCXHw\",\"https:\\\/\\\/www.tiktok.com\\\/@storfund\"],\"description\":\"Founded in London in 2018, Storfund can provide up to $7 billion per year in advances to ecommerce businesses worldwide. Its mission is to remove payout delays and unlock real-time revenue, fuelling growth for sellers and platforms. Storfund is integrated with more than 60 marketplaces including Amazon, TikTok Shop, Back Market and Kaufland. By bridging the typical 14\u201360 day gap between sales and payouts, Storfund strengthens the entire ecommerce ecosystem.\",\"email\":\"hello@storfund.com\",\"legalName\":\"Stor Services Ltd\",\"foundingDate\":\"2018-03-01\",\"numberOfEmployees\":{\"@type\":\"QuantitativeValue\",\"minValue\":\"51\",\"maxValue\":\"200\"}}]}<\/script>\n<!-- \/ Yoast SEO Premium plugin. -->","yoast_head_json":{"title":"Soyez pay\u00e9 plus rapidement sur Amazon avec Paiements J+1","description":"Les vendeurs d'Amazon peuvent \u00eatre pay\u00e9s plus rapidement pour leurs ventes sur la marketplace gr\u00e2ce \u00e0 Storfund. Et des paiements plus rapides = une croissance plus rapide.","robots":{"index":"index","follow":"follow","max-snippet":"max-snippet:-1","max-image-preview":"max-image-preview:large","max-video-preview":"max-video-preview:-1"},"canonical":"https:\/\/storfund.com\/fr\/amazon\/","og_locale":"fr_FR","og_type":"article","og_title":"Storfund - cashflow for ecommerce","og_description":"Get paid faster for your marketplace sales with Daily Advance by Storfund.","og_url":"https:\/\/storfund.com\/fr\/amazon\/","og_site_name":"Storfund","article_publisher":"https:\/\/www.facebook.com\/storfund\/","article_modified_time":"2025-12-19T14:07:00+00:00","og_image":[{"width":1200,"height":676,"url":"https:\/\/storfund.com\/wp-content\/uploads\/2024\/07\/Storfund-x-Amazon-social-image.webp","type":"image\/webp"}],"twitter_card":"summary_large_image","twitter_site":"@storfund","twitter_misc":{"Dur\u00e9e de lecture estim\u00e9e":"7 minutes"},"schema":{"@context":"https:\/\/schema.org","@graph":[{"@type":"WebPage","@id":"https:\/\/storfund.com\/amazon\/","url":"https:\/\/storfund.com\/amazon\/","name":"Soyez pay\u00e9 plus rapidement sur Amazon avec Paiements J+1","isPartOf":{"@id":"https:\/\/storfund.com\/#website"},"datePublished":"2024-07-12T10:53:30+00:00","dateModified":"2025-12-19T14:07:00+00:00","description":"Les vendeurs d'Amazon peuvent \u00eatre pay\u00e9s plus rapidement pour leurs ventes sur la marketplace gr\u00e2ce \u00e0 Storfund. Et des paiements plus rapides = une croissance plus rapide.","breadcrumb":{"@id":"https:\/\/storfund.com\/amazon\/#breadcrumb"},"inLanguage":"fr-FR","potentialAction":[{"@type":"ReadAction","target":["https:\/\/storfund.com\/amazon\/"]}]},{"@type":"BreadcrumbList","@id":"https:\/\/storfund.com\/amazon\/#breadcrumb","itemListElement":[{"@type":"ListItem","position":1,"name":"Home","item":"https:\/\/storfund.com\/"},{"@type":"ListItem","position":2,"name":"Amazon"}]},{"@type":"WebSite","@id":"https:\/\/storfund.com\/#website","url":"https:\/\/storfund.com\/","name":"Storfund","description":"Get Same Day Payments For Your Marketplace Sales","publisher":{"@id":"https:\/\/storfund.com\/#organization"},"potentialAction":[{"@type":"SearchAction","target":{"@type":"EntryPoint","urlTemplate":"https:\/\/storfund.com\/?s={search_term_string}"},"query-input":{"@type":"PropertyValueSpecification","valueRequired":true,"valueName":"search_term_string"}}],"inLanguage":"fr-FR"},{"@type":"Organization","@id":"https:\/\/storfund.com\/#organization","name":"Stor Services Ltd","alternateName":"Storfund","url":"https:\/\/storfund.com\/","logo":{"@type":"ImageObject","inLanguage":"fr-FR","@id":"https:\/\/storfund.com\/#\/schema\/logo\/image\/","url":"https:\/\/storfund.com\/wp-content\/uploads\/2024\/04\/Storfund_Schema-Logo.png","contentUrl":"https:\/\/storfund.com\/wp-content\/uploads\/2024\/04\/Storfund_Schema-Logo.png","width":696,"height":696,"caption":"Stor Services Ltd"},"image":{"@id":"https:\/\/storfund.com\/#\/schema\/logo\/image\/"},"sameAs":["https:\/\/www.facebook.com\/storfund\/","https:\/\/x.com\/storfund","https:\/\/www.linkedin.com\/company\/28659268","https:\/\/www.youtube.com\/channel\/UCiORTHBWXmovVBojh5SCXHw","https:\/\/www.tiktok.com\/@storfund"],"description":"Founded in London in 2018, Storfund can provide up to $7 billion per year in advances to ecommerce businesses worldwide. Its mission is to remove payout delays and unlock real-time revenue, fuelling growth for sellers and platforms. Storfund is integrated with more than 60 marketplaces including Amazon, TikTok Shop, Back Market and Kaufland. By bridging the typical 14\u201360 day gap between sales and payouts, Storfund strengthens the entire ecommerce ecosystem.","email":"hello@storfund.com","legalName":"Stor Services Ltd","foundingDate":"2018-03-01","numberOfEmployees":{"@type":"QuantitativeValue","minValue":"51","maxValue":"200"}}]}},"_links":{"self":[{"href":"https:\/\/storfund.com\/fr\/wp-json\/wp\/v2\/pages\/2865","targetHints":{"allow":["GET"]}}],"collection":[{"href":"https:\/\/storfund.com\/fr\/wp-json\/wp\/v2\/pages"}],"about":[{"href":"https:\/\/storfund.com\/fr\/wp-json\/wp\/v2\/types\/page"}],"author":[{"embeddable":true,"href":"https:\/\/storfund.com\/fr\/wp-json\/wp\/v2\/users\/3"}],"replies":[{"embeddable":true,"href":"https:\/\/storfund.com\/fr\/wp-json\/wp\/v2\/comments?post=2865"}],"version-history":[{"count":58,"href":"https:\/\/storfund.com\/fr\/wp-json\/wp\/v2\/pages\/2865\/revisions"}],"predecessor-version":[{"id":3966,"href":"https:\/\/storfund.com\/fr\/wp-json\/wp\/v2\/pages\/2865\/revisions\/3966"}],"wp:attachment":[{"href":"https:\/\/storfund.com\/fr\/wp-json\/wp\/v2\/media?parent=2865"}],"curies":[{"name":"wp","href":"https:\/\/api.w.org\/{rel}","templated":true}]}}