{"id":444,"date":"2024-03-19T14:38:46","date_gmt":"2024-03-19T14:38:46","guid":{"rendered":"http:\/\/storfund.local\/?page_id=444"},"modified":"2026-02-26T09:10:39","modified_gmt":"2026-02-26T09:10:39","slug":"faq","status":"publish","type":"page","link":"https:\/\/storfund.com\/es\/faq\/","title":{"rendered":"Preguntas frecuentes"},"content":{"rendered":"","protected":false},"excerpt":{"rendered":"","protected":false},"author":2,"featured_media":0,"parent":0,"menu_order":0,"comment_status":"closed","ping_status":"closed","template":"templates\/core.php","meta":{"_acf_changed":false,"footnotes":""},"class_list":["post-444","page","type-page","status-publish","hentry"],"acf":[],"yoast_head":"<!-- This site is optimized with the Yoast SEO Premium plugin v27.3 (Yoast SEO v27.3) - https:\/\/yoast.com\/product\/yoast-seo-premium-wordpress\/ -->\n<title>Frequently asked questions<\/title>\n<meta name=\"description\" content=\"Find out the answers to some of our most frequently asked questions here. Am I eligible? What are the costs? How does Storfund work?\" \/>\n<meta name=\"robots\" content=\"index, follow, max-snippet:-1, max-image-preview:large, max-video-preview:-1\" \/>\n<link rel=\"canonical\" href=\"https:\/\/storfund.com\/es\/faq\/\" \/>\n<meta property=\"og:locale\" content=\"es_ES\" \/>\n<meta property=\"og:type\" content=\"article\" \/>\n<meta property=\"og:title\" content=\"Storfund - cashflow for ecommerce\" \/>\n<meta property=\"og:description\" content=\"Get paid faster for your marketplace sales with Daily Advance by Storfund.\" \/>\n<meta property=\"og:url\" content=\"https:\/\/storfund.com\/es\/faq\/\" \/>\n<meta property=\"og:site_name\" content=\"Storfund\" \/>\n<meta property=\"article:publisher\" content=\"https:\/\/www.facebook.com\/storfund\/\" \/>\n<meta property=\"article:modified_time\" content=\"2026-02-26T09:10:39+00:00\" \/>\n<meta property=\"og:image\" content=\"https:\/\/storfund.com\/wp-content\/uploads\/2025\/06\/1200x675-sf-logo-1.webp\" \/>\n\t<meta property=\"og:image:width\" content=\"1200\" \/>\n\t<meta property=\"og:image:height\" content=\"676\" \/>\n\t<meta property=\"og:image:type\" content=\"image\/webp\" \/>\n<meta name=\"twitter:card\" content=\"summary_large_image\" \/>\n<meta name=\"twitter:site\" content=\"@storfund\" \/>\n<meta name=\"twitter:label1\" content=\"Tiempo de lectura\" \/>\n\t<meta name=\"twitter:data1\" content=\"13 minutos\" \/>\n<script type=\"application\/ld+json\" class=\"yoast-schema-graph\">{\"@context\":\"https:\\\/\\\/schema.org\",\"@graph\":[{\"@type\":\"WebPage\",\"@id\":\"https:\\\/\\\/storfund.com\\\/faq\\\/\",\"url\":\"https:\\\/\\\/storfund.com\\\/faq\\\/\",\"name\":\"Frequently asked questions\",\"isPartOf\":{\"@id\":\"https:\\\/\\\/storfund.com\\\/#website\"},\"datePublished\":\"2024-03-19T14:38:46+00:00\",\"dateModified\":\"2026-02-26T09:10:39+00:00\",\"description\":\"Find out the answers to some of our most frequently asked questions here. Am I eligible? What are the costs? How does Storfund work?\",\"breadcrumb\":{\"@id\":\"https:\\\/\\\/storfund.com\\\/faq\\\/#breadcrumb\"},\"inLanguage\":\"es\",\"potentialAction\":[{\"@type\":\"ReadAction\",\"target\":[\"https:\\\/\\\/storfund.com\\\/faq\\\/\"]}]},{\"@type\":\"BreadcrumbList\",\"@id\":\"https:\\\/\\\/storfund.com\\\/faq\\\/#breadcrumb\",\"itemListElement\":[{\"@type\":\"ListItem\",\"position\":1,\"name\":\"Home\",\"item\":\"https:\\\/\\\/storfund.com\\\/\"},{\"@type\":\"ListItem\",\"position\":2,\"name\":\"FAQ\"}]},{\"@type\":\"WebSite\",\"@id\":\"https:\\\/\\\/storfund.com\\\/#website\",\"url\":\"https:\\\/\\\/storfund.com\\\/\",\"name\":\"Storfund\",\"description\":\"Get Same Day Payments For Your Marketplace Sales\",\"publisher\":{\"@id\":\"https:\\\/\\\/storfund.com\\\/#organization\"},\"potentialAction\":[{\"@type\":\"SearchAction\",\"target\":{\"@type\":\"EntryPoint\",\"urlTemplate\":\"https:\\\/\\\/storfund.com\\\/?s={search_term_string}\"},\"query-input\":{\"@type\":\"PropertyValueSpecification\",\"valueRequired\":true,\"valueName\":\"search_term_string\"}}],\"inLanguage\":\"es\"},{\"@type\":\"Organization\",\"@id\":\"https:\\\/\\\/storfund.com\\\/#organization\",\"name\":\"Stor Services Ltd\",\"alternateName\":\"Storfund\",\"url\":\"https:\\\/\\\/storfund.com\\\/\",\"logo\":{\"@type\":\"ImageObject\",\"inLanguage\":\"es\",\"@id\":\"https:\\\/\\\/storfund.com\\\/#\\\/schema\\\/logo\\\/image\\\/\",\"url\":\"https:\\\/\\\/storfund.com\\\/wp-content\\\/uploads\\\/2024\\\/04\\\/Storfund_Schema-Logo.png\",\"contentUrl\":\"https:\\\/\\\/storfund.com\\\/wp-content\\\/uploads\\\/2024\\\/04\\\/Storfund_Schema-Logo.png\",\"width\":696,\"height\":696,\"caption\":\"Stor Services Ltd\"},\"image\":{\"@id\":\"https:\\\/\\\/storfund.com\\\/#\\\/schema\\\/logo\\\/image\\\/\"},\"sameAs\":[\"https:\\\/\\\/www.facebook.com\\\/storfund\\\/\",\"https:\\\/\\\/x.com\\\/storfund\",\"https:\\\/\\\/www.linkedin.com\\\/company\\\/28659268\",\"https:\\\/\\\/www.youtube.com\\\/channel\\\/UCiORTHBWXmovVBojh5SCXHw\",\"https:\\\/\\\/www.tiktok.com\\\/@storfund\"],\"description\":\"Founded in London in 2018, Storfund can provide up to $7 billion per year in advances to ecommerce businesses worldwide. Its mission is to remove payout delays and unlock real-time revenue, fuelling growth for sellers and platforms. Storfund is integrated with more than 60 marketplaces including Amazon, TikTok Shop, Back Market and Kaufland. By bridging the typical 14\u201360 day gap between sales and payouts, Storfund strengthens the entire ecommerce ecosystem.\",\"email\":\"hello@storfund.com\",\"legalName\":\"Stor Services Ltd\",\"foundingDate\":\"2018-03-01\",\"numberOfEmployees\":{\"@type\":\"QuantitativeValue\",\"minValue\":\"51\",\"maxValue\":\"200\"}}]}<\/script>\n<!-- \/ Yoast SEO Premium plugin. -->","yoast_head_json":{"title":"Preguntas frecuentes","description":"Aqu\u00ed encontrar\u00e1s respuesta a la mayor\u00eda de tus preguntas. \u00bfCumplo con los requisitos? \u00bfCu\u00e1nto cuesta el servicio? \u00bfC\u00f3mo funciona Storfund?","robots":{"index":"index","follow":"follow","max-snippet":"max-snippet:-1","max-image-preview":"max-image-preview:large","max-video-preview":"max-video-preview:-1"},"canonical":"https:\/\/storfund.com\/es\/faq\/","og_locale":"es_ES","og_type":"article","og_title":"Storfund - cashflow for ecommerce","og_description":"Get paid faster for your marketplace sales with Daily Advance by Storfund.","og_url":"https:\/\/storfund.com\/es\/faq\/","og_site_name":"Storfund","article_publisher":"https:\/\/www.facebook.com\/storfund\/","article_modified_time":"2026-02-26T09:10:39+00:00","og_image":[{"width":1200,"height":676,"url":"https:\/\/storfund.com\/wp-content\/uploads\/2025\/06\/1200x675-sf-logo-1.webp","type":"image\/webp"}],"twitter_card":"summary_large_image","twitter_site":"@storfund","twitter_misc":{"Tiempo de lectura":"13 minutos"},"schema":{"@context":"https:\/\/schema.org","@graph":[{"@type":"WebPage","@id":"https:\/\/storfund.com\/faq\/","url":"https:\/\/storfund.com\/faq\/","name":"Preguntas frecuentes","isPartOf":{"@id":"https:\/\/storfund.com\/#website"},"datePublished":"2024-03-19T14:38:46+00:00","dateModified":"2026-02-26T09:10:39+00:00","description":"Aqu\u00ed encontrar\u00e1s respuesta a la mayor\u00eda de tus preguntas. \u00bfCumplo con los requisitos? \u00bfCu\u00e1nto cuesta el servicio? \u00bfC\u00f3mo funciona Storfund?","breadcrumb":{"@id":"https:\/\/storfund.com\/faq\/#breadcrumb"},"inLanguage":"es","potentialAction":[{"@type":"ReadAction","target":["https:\/\/storfund.com\/faq\/"]}]},{"@type":"BreadcrumbList","@id":"https:\/\/storfund.com\/faq\/#breadcrumb","itemListElement":[{"@type":"ListItem","position":1,"name":"Home","item":"https:\/\/storfund.com\/"},{"@type":"ListItem","position":2,"name":"FAQ"}]},{"@type":"WebSite","@id":"https:\/\/storfund.com\/#website","url":"https:\/\/storfund.com\/","name":"Storfund","description":"Get Same Day Payments For Your Marketplace Sales","publisher":{"@id":"https:\/\/storfund.com\/#organization"},"potentialAction":[{"@type":"SearchAction","target":{"@type":"EntryPoint","urlTemplate":"https:\/\/storfund.com\/?s={search_term_string}"},"query-input":{"@type":"PropertyValueSpecification","valueRequired":true,"valueName":"search_term_string"}}],"inLanguage":"es"},{"@type":"Organization","@id":"https:\/\/storfund.com\/#organization","name":"Stor Services Ltd","alternateName":"Storfund","url":"https:\/\/storfund.com\/","logo":{"@type":"ImageObject","inLanguage":"es","@id":"https:\/\/storfund.com\/#\/schema\/logo\/image\/","url":"https:\/\/storfund.com\/wp-content\/uploads\/2024\/04\/Storfund_Schema-Logo.png","contentUrl":"https:\/\/storfund.com\/wp-content\/uploads\/2024\/04\/Storfund_Schema-Logo.png","width":696,"height":696,"caption":"Stor Services Ltd"},"image":{"@id":"https:\/\/storfund.com\/#\/schema\/logo\/image\/"},"sameAs":["https:\/\/www.facebook.com\/storfund\/","https:\/\/x.com\/storfund","https:\/\/www.linkedin.com\/company\/28659268","https:\/\/www.youtube.com\/channel\/UCiORTHBWXmovVBojh5SCXHw","https:\/\/www.tiktok.com\/@storfund"],"description":"Founded in London in 2018, Storfund can provide up to $7 billion per year in advances to ecommerce businesses worldwide. Its mission is to remove payout delays and unlock real-time revenue, fuelling growth for sellers and platforms. Storfund is integrated with more than 60 marketplaces including Amazon, TikTok Shop, Back Market and Kaufland. By bridging the typical 14\u201360 day gap between sales and payouts, Storfund strengthens the entire ecommerce ecosystem.","email":"hello@storfund.com","legalName":"Stor Services Ltd","foundingDate":"2018-03-01","numberOfEmployees":{"@type":"QuantitativeValue","minValue":"51","maxValue":"200"}}]}},"_links":{"self":[{"href":"https:\/\/storfund.com\/es\/wp-json\/wp\/v2\/pages\/444","targetHints":{"allow":["GET"]}}],"collection":[{"href":"https:\/\/storfund.com\/es\/wp-json\/wp\/v2\/pages"}],"about":[{"href":"https:\/\/storfund.com\/es\/wp-json\/wp\/v2\/types\/page"}],"author":[{"embeddable":true,"href":"https:\/\/storfund.com\/es\/wp-json\/wp\/v2\/users\/2"}],"replies":[{"embeddable":true,"href":"https:\/\/storfund.com\/es\/wp-json\/wp\/v2\/comments?post=444"}],"version-history":[{"count":22,"href":"https:\/\/storfund.com\/es\/wp-json\/wp\/v2\/pages\/444\/revisions"}],"predecessor-version":[{"id":4025,"href":"https:\/\/storfund.com\/es\/wp-json\/wp\/v2\/pages\/444\/revisions\/4025"}],"wp:attachment":[{"href":"https:\/\/storfund.com\/es\/wp-json\/wp\/v2\/media?parent=444"}],"curies":[{"name":"wp","href":"https:\/\/api.w.org\/{rel}","templated":true}]}}