{"id":1801,"date":"2024-04-17T15:55:20","date_gmt":"2024-04-17T14:55:20","guid":{"rendered":"https:\/\/storfund.com\/why-add-storfund-to-your-marketplace\/"},"modified":"2025-11-05T12:16:15","modified_gmt":"2025-11-05T12:16:15","slug":"backmarket","status":"publish","type":"page","link":"https:\/\/storfund.com\/es\/backmarket\/","title":{"rendered":"Back Market"},"content":{"rendered":"","protected":false},"excerpt":{"rendered":"","protected":false},"author":2,"featured_media":0,"parent":0,"menu_order":0,"comment_status":"closed","ping_status":"closed","template":"templates\/core.php","meta":{"_acf_changed":false,"footnotes":""},"class_list":["post-1801","page","type-page","status-publish","hentry"],"acf":[],"yoast_head":"<!-- This site is optimized with the Yoast SEO Premium plugin v27.3 (Yoast SEO v27.3) - https:\/\/yoast.com\/product\/yoast-seo-premium-wordpress\/ -->\n<title>Get Paid Faster on Back Market with BackFunds<\/title>\n<meta name=\"description\" content=\"Back Market sellers can get paid faster for their sales with BackFunds. Because faster payouts = faster growth.\" \/>\n<meta name=\"robots\" content=\"index, follow, max-snippet:-1, max-image-preview:large, max-video-preview:-1\" \/>\n<link rel=\"canonical\" href=\"https:\/\/storfund.com\/es\/backmarket\/\" \/>\n<meta property=\"og:locale\" content=\"es_ES\" \/>\n<meta property=\"og:type\" content=\"article\" \/>\n<meta property=\"og:title\" content=\"Get Paid Faster on Back Market with BackFunds\" \/>\n<meta property=\"og:description\" content=\"Get paid faster for your marketplace sales with Daily Advance by Storfund.\" \/>\n<meta property=\"og:url\" content=\"https:\/\/storfund.com\/es\/backmarket\/\" \/>\n<meta property=\"og:site_name\" content=\"Storfund\" \/>\n<meta property=\"article:publisher\" content=\"https:\/\/www.facebook.com\/storfund\/\" \/>\n<meta property=\"article:modified_time\" content=\"2025-11-05T12:16:15+00:00\" \/>\n<meta property=\"og:image\" content=\"https:\/\/storfund.com\/wp-content\/uploads\/2024\/07\/Storfund-x-BackMarket-social-image.webp\" \/>\n\t<meta property=\"og:image:width\" content=\"1200\" \/>\n\t<meta property=\"og:image:height\" content=\"676\" \/>\n\t<meta property=\"og:image:type\" content=\"image\/webp\" \/>\n<meta name=\"twitter:card\" content=\"summary_large_image\" \/>\n<meta name=\"twitter:title\" content=\"Storfund - cashflow for ecommerce\" \/>\n<meta name=\"twitter:site\" content=\"@storfund\" \/>\n<meta name=\"twitter:label1\" content=\"Tiempo de lectura\" \/>\n\t<meta name=\"twitter:data1\" content=\"5 minutos\" \/>\n<script type=\"application\/ld+json\" class=\"yoast-schema-graph\">{\"@context\":\"https:\\\/\\\/schema.org\",\"@graph\":[{\"@type\":\"WebPage\",\"@id\":\"https:\\\/\\\/storfund.com\\\/backmarket\\\/\",\"url\":\"https:\\\/\\\/storfund.com\\\/backmarket\\\/\",\"name\":\"Get Paid Faster on Back Market with BackFunds\",\"isPartOf\":{\"@id\":\"https:\\\/\\\/storfund.com\\\/#website\"},\"datePublished\":\"2024-04-17T14:55:20+00:00\",\"dateModified\":\"2025-11-05T12:16:15+00:00\",\"description\":\"Back Market sellers can get paid faster for their sales with BackFunds. Because faster payouts = faster growth.\",\"breadcrumb\":{\"@id\":\"https:\\\/\\\/storfund.com\\\/backmarket\\\/#breadcrumb\"},\"inLanguage\":\"es\",\"potentialAction\":[{\"@type\":\"ReadAction\",\"target\":[\"https:\\\/\\\/storfund.com\\\/backmarket\\\/\"]}]},{\"@type\":\"BreadcrumbList\",\"@id\":\"https:\\\/\\\/storfund.com\\\/backmarket\\\/#breadcrumb\",\"itemListElement\":[{\"@type\":\"ListItem\",\"position\":1,\"name\":\"Home\",\"item\":\"https:\\\/\\\/storfund.com\\\/\"},{\"@type\":\"ListItem\",\"position\":2,\"name\":\"Back Market\"}]},{\"@type\":\"WebSite\",\"@id\":\"https:\\\/\\\/storfund.com\\\/#website\",\"url\":\"https:\\\/\\\/storfund.com\\\/\",\"name\":\"Storfund\",\"description\":\"Get Same Day Payments For Your Marketplace Sales\",\"publisher\":{\"@id\":\"https:\\\/\\\/storfund.com\\\/#organization\"},\"potentialAction\":[{\"@type\":\"SearchAction\",\"target\":{\"@type\":\"EntryPoint\",\"urlTemplate\":\"https:\\\/\\\/storfund.com\\\/?s={search_term_string}\"},\"query-input\":{\"@type\":\"PropertyValueSpecification\",\"valueRequired\":true,\"valueName\":\"search_term_string\"}}],\"inLanguage\":\"es\"},{\"@type\":\"Organization\",\"@id\":\"https:\\\/\\\/storfund.com\\\/#organization\",\"name\":\"Stor Services Ltd\",\"alternateName\":\"Storfund\",\"url\":\"https:\\\/\\\/storfund.com\\\/\",\"logo\":{\"@type\":\"ImageObject\",\"inLanguage\":\"es\",\"@id\":\"https:\\\/\\\/storfund.com\\\/#\\\/schema\\\/logo\\\/image\\\/\",\"url\":\"https:\\\/\\\/storfund.com\\\/wp-content\\\/uploads\\\/2024\\\/04\\\/Storfund_Schema-Logo.png\",\"contentUrl\":\"https:\\\/\\\/storfund.com\\\/wp-content\\\/uploads\\\/2024\\\/04\\\/Storfund_Schema-Logo.png\",\"width\":696,\"height\":696,\"caption\":\"Stor Services Ltd\"},\"image\":{\"@id\":\"https:\\\/\\\/storfund.com\\\/#\\\/schema\\\/logo\\\/image\\\/\"},\"sameAs\":[\"https:\\\/\\\/www.facebook.com\\\/storfund\\\/\",\"https:\\\/\\\/x.com\\\/storfund\",\"https:\\\/\\\/www.linkedin.com\\\/company\\\/28659268\",\"https:\\\/\\\/www.youtube.com\\\/channel\\\/UCiORTHBWXmovVBojh5SCXHw\",\"https:\\\/\\\/www.tiktok.com\\\/@storfund\"],\"description\":\"Founded in London in 2018, Storfund can provide up to $7 billion per year in advances to ecommerce businesses worldwide. Its mission is to remove payout delays and unlock real-time revenue, fuelling growth for sellers and platforms. Storfund is integrated with more than 60 marketplaces including Amazon, TikTok Shop, Back Market and Kaufland. By bridging the typical 14\u201360 day gap between sales and payouts, Storfund strengthens the entire ecommerce ecosystem.\",\"email\":\"hello@storfund.com\",\"legalName\":\"Stor Services Ltd\",\"foundingDate\":\"2018-03-01\",\"numberOfEmployees\":{\"@type\":\"QuantitativeValue\",\"minValue\":\"51\",\"maxValue\":\"200\"}}]}<\/script>\n<!-- \/ Yoast SEO Premium plugin. -->","yoast_head_json":{"title":"Acelera el pago de tus ventas en Back Market con BackFunds","description":"Los vendedores de Back Market reciben el pago de sus ventas m\u00e1s r\u00e1pidamente con BackFunds. Porque pagos m\u00e1s r\u00e1pidos = mayor crecimiento.","robots":{"index":"index","follow":"follow","max-snippet":"max-snippet:-1","max-image-preview":"max-image-preview:large","max-video-preview":"max-video-preview:-1"},"canonical":"https:\/\/storfund.com\/es\/backmarket\/","og_locale":"es_ES","og_type":"article","og_title":"Get Paid Faster on Back Market with BackFunds","og_description":"Get paid faster for your marketplace sales with Daily Advance by Storfund.","og_url":"https:\/\/storfund.com\/es\/backmarket\/","og_site_name":"Storfund","article_publisher":"https:\/\/www.facebook.com\/storfund\/","article_modified_time":"2025-11-05T12:16:15+00:00","og_image":[{"width":1200,"height":676,"url":"https:\/\/storfund.com\/wp-content\/uploads\/2024\/07\/Storfund-x-BackMarket-social-image.webp","type":"image\/webp"}],"twitter_card":"summary_large_image","twitter_title":"Storfund - cashflow for ecommerce","twitter_site":"@storfund","twitter_misc":{"Tiempo de lectura":"5 minutos"},"schema":{"@context":"https:\/\/schema.org","@graph":[{"@type":"WebPage","@id":"https:\/\/storfund.com\/backmarket\/","url":"https:\/\/storfund.com\/backmarket\/","name":"Acelera el pago de tus ventas en Back Market con BackFunds","isPartOf":{"@id":"https:\/\/storfund.com\/#website"},"datePublished":"2024-04-17T14:55:20+00:00","dateModified":"2025-11-05T12:16:15+00:00","description":"Los vendedores de Back Market reciben el pago de sus ventas m\u00e1s r\u00e1pidamente con BackFunds. Porque pagos m\u00e1s r\u00e1pidos = mayor crecimiento.","breadcrumb":{"@id":"https:\/\/storfund.com\/backmarket\/#breadcrumb"},"inLanguage":"es","potentialAction":[{"@type":"ReadAction","target":["https:\/\/storfund.com\/backmarket\/"]}]},{"@type":"BreadcrumbList","@id":"https:\/\/storfund.com\/backmarket\/#breadcrumb","itemListElement":[{"@type":"ListItem","position":1,"name":"Home","item":"https:\/\/storfund.com\/"},{"@type":"ListItem","position":2,"name":"Back Market"}]},{"@type":"WebSite","@id":"https:\/\/storfund.com\/#website","url":"https:\/\/storfund.com\/","name":"Storfund","description":"Get Same Day Payments For Your Marketplace Sales","publisher":{"@id":"https:\/\/storfund.com\/#organization"},"potentialAction":[{"@type":"SearchAction","target":{"@type":"EntryPoint","urlTemplate":"https:\/\/storfund.com\/?s={search_term_string}"},"query-input":{"@type":"PropertyValueSpecification","valueRequired":true,"valueName":"search_term_string"}}],"inLanguage":"es"},{"@type":"Organization","@id":"https:\/\/storfund.com\/#organization","name":"Stor Services Ltd","alternateName":"Storfund","url":"https:\/\/storfund.com\/","logo":{"@type":"ImageObject","inLanguage":"es","@id":"https:\/\/storfund.com\/#\/schema\/logo\/image\/","url":"https:\/\/storfund.com\/wp-content\/uploads\/2024\/04\/Storfund_Schema-Logo.png","contentUrl":"https:\/\/storfund.com\/wp-content\/uploads\/2024\/04\/Storfund_Schema-Logo.png","width":696,"height":696,"caption":"Stor Services Ltd"},"image":{"@id":"https:\/\/storfund.com\/#\/schema\/logo\/image\/"},"sameAs":["https:\/\/www.facebook.com\/storfund\/","https:\/\/x.com\/storfund","https:\/\/www.linkedin.com\/company\/28659268","https:\/\/www.youtube.com\/channel\/UCiORTHBWXmovVBojh5SCXHw","https:\/\/www.tiktok.com\/@storfund"],"description":"Founded in London in 2018, Storfund can provide up to $7 billion per year in advances to ecommerce businesses worldwide. Its mission is to remove payout delays and unlock real-time revenue, fuelling growth for sellers and platforms. Storfund is integrated with more than 60 marketplaces including Amazon, TikTok Shop, Back Market and Kaufland. By bridging the typical 14\u201360 day gap between sales and payouts, Storfund strengthens the entire ecommerce ecosystem.","email":"hello@storfund.com","legalName":"Stor Services Ltd","foundingDate":"2018-03-01","numberOfEmployees":{"@type":"QuantitativeValue","minValue":"51","maxValue":"200"}}]}},"_links":{"self":[{"href":"https:\/\/storfund.com\/es\/wp-json\/wp\/v2\/pages\/1801","targetHints":{"allow":["GET"]}}],"collection":[{"href":"https:\/\/storfund.com\/es\/wp-json\/wp\/v2\/pages"}],"about":[{"href":"https:\/\/storfund.com\/es\/wp-json\/wp\/v2\/types\/page"}],"author":[{"embeddable":true,"href":"https:\/\/storfund.com\/es\/wp-json\/wp\/v2\/users\/2"}],"replies":[{"embeddable":true,"href":"https:\/\/storfund.com\/es\/wp-json\/wp\/v2\/comments?post=1801"}],"version-history":[{"count":34,"href":"https:\/\/storfund.com\/es\/wp-json\/wp\/v2\/pages\/1801\/revisions"}],"predecessor-version":[{"id":3912,"href":"https:\/\/storfund.com\/es\/wp-json\/wp\/v2\/pages\/1801\/revisions\/3912"}],"wp:attachment":[{"href":"https:\/\/storfund.com\/es\/wp-json\/wp\/v2\/media?parent=1801"}],"curies":[{"name":"wp","href":"https:\/\/api.w.org\/{rel}","templated":true}]}}